{"id":29068,"date":"2023-12-04T22:08:54","date_gmt":"2023-12-04T21:08:54","guid":{"rendered":"https:\/\/renaultvijf.nl\/webwinkel\/?post_type=product&#038;p=29068"},"modified":"2023-12-04T22:10:03","modified_gmt":"2023-12-04T21:10:03","slug":"contact-schakelaar-rechts-renault-megane-ii-coupe","status":"publish","type":"product","link":"https:\/\/renaultvijf.nl\/webwinkel\/product\/contact-schakelaar-rechts-renault-megane-ii-coupe\/","title":{"rendered":"Contact schakelaar rechts Renault M\u00e9gane II coup\u00e9."},"content":{"rendered":"<p><strong>Contact schakelaar rechts Renault M\u00e9gane II coup\u00e9.<\/strong><\/p>\n<p>Schakelaar zit rechts gemonteerd bij het dak.<\/p>\n","protected":false},"excerpt":{"rendered":"<p>Contact schakelaar rechts Renault M\u00e9gane II coup\u00e9. Schakelaar zit rechts gemonteerd bij het dak.<\/p>\n","protected":false},"featured_media":29065,"template":"","meta":[],"product_brand":[],"product_cat":[225,30],"product_tag":[],"class_list":{"0":"post-29068","1":"product","2":"type-product","3":"status-publish","4":"has-post-thumbnail","6":"product_cat-71-hemelbekleding","7":"product_cat-renault-megane-ii","8":"product_shipping_class-postnl-100","10":"first","11":"instock","12":"shipping-taxable","13":"purchasable","14":"product-type-simple"},"yoast_head":"<!-- This site is optimized with the Yoast SEO plugin v27.4 - https:\/\/yoast.com\/product\/yoast-seo-wordpress\/ -->\n<title>Contact schakelaar rechts Renault M\u00e9gane II coup\u00e9. - Visch Parts - Renault Onderdelen (NOS) en gebruikt<\/title>\n<meta name=\"description\" content=\"Contact schakelaar rechts Renault M\u00e9gane II coup\u00e9. Switch zit rechts gemonteerd.\" \/>\n<meta name=\"robots\" content=\"index, follow, max-snippet:-1, max-image-preview:large, max-video-preview:-1\" \/>\n<link rel=\"canonical\" href=\"https:\/\/renaultvijf.nl\/webwinkel\/product\/contact-schakelaar-rechts-renault-megane-ii-coupe\/\" \/>\n<script type=\"application\/ld+json\" class=\"yoast-schema-graph\">{\"@context\":\"https:\\\/\\\/schema.org\",\"@graph\":[{\"@type\":\"WebPage\",\"@id\":\"https:\\\/\\\/renaultvijf.nl\\\/webwinkel\\\/product\\\/contact-schakelaar-rechts-renault-megane-ii-coupe\\\/\",\"url\":\"https:\\\/\\\/renaultvijf.nl\\\/webwinkel\\\/product\\\/contact-schakelaar-rechts-renault-megane-ii-coupe\\\/\",\"name\":\"Contact schakelaar rechts Renault M\u00e9gane II coup\u00e9. - Visch Parts - Renault Onderdelen (NOS) en gebruikt\",\"isPartOf\":{\"@id\":\"https:\\\/\\\/renaultvijf.nl\\\/webwinkel\\\/#website\"},\"primaryImageOfPage\":{\"@id\":\"https:\\\/\\\/renaultvijf.nl\\\/webwinkel\\\/product\\\/contact-schakelaar-rechts-renault-megane-ii-coupe\\\/#primaryimage\"},\"image\":{\"@id\":\"https:\\\/\\\/renaultvijf.nl\\\/webwinkel\\\/product\\\/contact-schakelaar-rechts-renault-megane-ii-coupe\\\/#primaryimage\"},\"thumbnailUrl\":\"https:\\\/\\\/renaultvijf.nl\\\/webwinkel\\\/wp-content\\\/uploads\\\/2023\\\/12\\\/7701058191-1.jpg\",\"datePublished\":\"2023-12-04T21:08:54+00:00\",\"dateModified\":\"2023-12-04T21:10:03+00:00\",\"description\":\"Contact schakelaar rechts Renault M\u00e9gane II coup\u00e9. Switch zit rechts gemonteerd.\",\"breadcrumb\":{\"@id\":\"https:\\\/\\\/renaultvijf.nl\\\/webwinkel\\\/product\\\/contact-schakelaar-rechts-renault-megane-ii-coupe\\\/#breadcrumb\"},\"inLanguage\":\"nl-NL\",\"potentialAction\":[{\"@type\":\"ReadAction\",\"target\":[\"https:\\\/\\\/renaultvijf.nl\\\/webwinkel\\\/product\\\/contact-schakelaar-rechts-renault-megane-ii-coupe\\\/\"]}]},{\"@type\":\"ImageObject\",\"inLanguage\":\"nl-NL\",\"@id\":\"https:\\\/\\\/renaultvijf.nl\\\/webwinkel\\\/product\\\/contact-schakelaar-rechts-renault-megane-ii-coupe\\\/#primaryimage\",\"url\":\"https:\\\/\\\/renaultvijf.nl\\\/webwinkel\\\/wp-content\\\/uploads\\\/2023\\\/12\\\/7701058191-1.jpg\",\"contentUrl\":\"https:\\\/\\\/renaultvijf.nl\\\/webwinkel\\\/wp-content\\\/uploads\\\/2023\\\/12\\\/7701058191-1.jpg\",\"width\":825,\"height\":1313},{\"@type\":\"BreadcrumbList\",\"@id\":\"https:\\\/\\\/renaultvijf.nl\\\/webwinkel\\\/product\\\/contact-schakelaar-rechts-renault-megane-ii-coupe\\\/#breadcrumb\",\"itemListElement\":[{\"@type\":\"ListItem\",\"position\":1,\"name\":\"Home\",\"item\":\"https:\\\/\\\/renaultvijf.nl\\\/webwinkel\\\/\"},{\"@type\":\"ListItem\",\"position\":2,\"name\":\"Visch Parts &#8211; Renault NOS en gebruikte onderdelen webwinkel\",\"item\":\"https:\\\/\\\/renaultvijf.nl\\\/webwinkel\\\/\"},{\"@type\":\"ListItem\",\"position\":3,\"name\":\"Contact schakelaar rechts Renault M\u00e9gane II coup\u00e9.\"}]},{\"@type\":\"WebSite\",\"@id\":\"https:\\\/\\\/renaultvijf.nl\\\/webwinkel\\\/#website\",\"url\":\"https:\\\/\\\/renaultvijf.nl\\\/webwinkel\\\/\",\"name\":\"Renault Onderdelen (NOS) en gebruikt\",\"description\":\"Renault onderdelen nieuw old stock (NOS) en gebruikt\",\"publisher\":{\"@id\":\"https:\\\/\\\/renaultvijf.nl\\\/webwinkel\\\/#\\\/schema\\\/person\\\/743e6aa8655994c7c1297edf5ec04631\"},\"potentialAction\":[{\"@type\":\"SearchAction\",\"target\":{\"@type\":\"EntryPoint\",\"urlTemplate\":\"https:\\\/\\\/renaultvijf.nl\\\/webwinkel\\\/?s={search_term_string}\"},\"query-input\":{\"@type\":\"PropertyValueSpecification\",\"valueRequired\":true,\"valueName\":\"search_term_string\"}}],\"inLanguage\":\"nl-NL\"},{\"@type\":[\"Person\",\"Organization\"],\"@id\":\"https:\\\/\\\/renaultvijf.nl\\\/webwinkel\\\/#\\\/schema\\\/person\\\/743e6aa8655994c7c1297edf5ec04631\",\"name\":\"renaultgekken\",\"image\":{\"@type\":\"ImageObject\",\"inLanguage\":\"nl-NL\",\"@id\":\"https:\\\/\\\/renaultvijf.nl\\\/webwinkel\\\/wp-content\\\/uploads\\\/2020\\\/08\\\/cropped-cropped-cropped-NOSpartsjpg-1.jpg\",\"url\":\"https:\\\/\\\/renaultvijf.nl\\\/webwinkel\\\/wp-content\\\/uploads\\\/2020\\\/08\\\/cropped-cropped-cropped-NOSpartsjpg-1.jpg\",\"contentUrl\":\"https:\\\/\\\/renaultvijf.nl\\\/webwinkel\\\/wp-content\\\/uploads\\\/2020\\\/08\\\/cropped-cropped-cropped-NOSpartsjpg-1.jpg\",\"width\":180,\"height\":194,\"caption\":\"renaultgekken\"},\"logo\":{\"@id\":\"https:\\\/\\\/renaultvijf.nl\\\/webwinkel\\\/wp-content\\\/uploads\\\/2020\\\/08\\\/cropped-cropped-cropped-NOSpartsjpg-1.jpg\"},\"sameAs\":[\"http:\\\/\\\/www.renaultvijf.nl\"]}]}<\/script>\n<!-- \/ Yoast SEO plugin. -->","yoast_head_json":{"title":"Contact schakelaar rechts Renault M\u00e9gane II coup\u00e9. - Visch Parts - Renault Onderdelen (NOS) en gebruikt","description":"Contact schakelaar rechts Renault M\u00e9gane II coup\u00e9. Switch zit rechts gemonteerd.","robots":{"index":"index","follow":"follow","max-snippet":"max-snippet:-1","max-image-preview":"max-image-preview:large","max-video-preview":"max-video-preview:-1"},"canonical":"https:\/\/renaultvijf.nl\/webwinkel\/product\/contact-schakelaar-rechts-renault-megane-ii-coupe\/","schema":{"@context":"https:\/\/schema.org","@graph":[{"@type":"WebPage","@id":"https:\/\/renaultvijf.nl\/webwinkel\/product\/contact-schakelaar-rechts-renault-megane-ii-coupe\/","url":"https:\/\/renaultvijf.nl\/webwinkel\/product\/contact-schakelaar-rechts-renault-megane-ii-coupe\/","name":"Contact schakelaar rechts Renault M\u00e9gane II coup\u00e9. - Visch Parts - Renault Onderdelen (NOS) en gebruikt","isPartOf":{"@id":"https:\/\/renaultvijf.nl\/webwinkel\/#website"},"primaryImageOfPage":{"@id":"https:\/\/renaultvijf.nl\/webwinkel\/product\/contact-schakelaar-rechts-renault-megane-ii-coupe\/#primaryimage"},"image":{"@id":"https:\/\/renaultvijf.nl\/webwinkel\/product\/contact-schakelaar-rechts-renault-megane-ii-coupe\/#primaryimage"},"thumbnailUrl":"https:\/\/renaultvijf.nl\/webwinkel\/wp-content\/uploads\/2023\/12\/7701058191-1.jpg","datePublished":"2023-12-04T21:08:54+00:00","dateModified":"2023-12-04T21:10:03+00:00","description":"Contact schakelaar rechts Renault M\u00e9gane II coup\u00e9. Switch zit rechts gemonteerd.","breadcrumb":{"@id":"https:\/\/renaultvijf.nl\/webwinkel\/product\/contact-schakelaar-rechts-renault-megane-ii-coupe\/#breadcrumb"},"inLanguage":"nl-NL","potentialAction":[{"@type":"ReadAction","target":["https:\/\/renaultvijf.nl\/webwinkel\/product\/contact-schakelaar-rechts-renault-megane-ii-coupe\/"]}]},{"@type":"ImageObject","inLanguage":"nl-NL","@id":"https:\/\/renaultvijf.nl\/webwinkel\/product\/contact-schakelaar-rechts-renault-megane-ii-coupe\/#primaryimage","url":"https:\/\/renaultvijf.nl\/webwinkel\/wp-content\/uploads\/2023\/12\/7701058191-1.jpg","contentUrl":"https:\/\/renaultvijf.nl\/webwinkel\/wp-content\/uploads\/2023\/12\/7701058191-1.jpg","width":825,"height":1313},{"@type":"BreadcrumbList","@id":"https:\/\/renaultvijf.nl\/webwinkel\/product\/contact-schakelaar-rechts-renault-megane-ii-coupe\/#breadcrumb","itemListElement":[{"@type":"ListItem","position":1,"name":"Home","item":"https:\/\/renaultvijf.nl\/webwinkel\/"},{"@type":"ListItem","position":2,"name":"Visch Parts &#8211; Renault NOS en gebruikte onderdelen webwinkel","item":"https:\/\/renaultvijf.nl\/webwinkel\/"},{"@type":"ListItem","position":3,"name":"Contact schakelaar rechts Renault M\u00e9gane II coup\u00e9."}]},{"@type":"WebSite","@id":"https:\/\/renaultvijf.nl\/webwinkel\/#website","url":"https:\/\/renaultvijf.nl\/webwinkel\/","name":"Renault Onderdelen (NOS) en gebruikt","description":"Renault onderdelen nieuw old stock (NOS) en gebruikt","publisher":{"@id":"https:\/\/renaultvijf.nl\/webwinkel\/#\/schema\/person\/743e6aa8655994c7c1297edf5ec04631"},"potentialAction":[{"@type":"SearchAction","target":{"@type":"EntryPoint","urlTemplate":"https:\/\/renaultvijf.nl\/webwinkel\/?s={search_term_string}"},"query-input":{"@type":"PropertyValueSpecification","valueRequired":true,"valueName":"search_term_string"}}],"inLanguage":"nl-NL"},{"@type":["Person","Organization"],"@id":"https:\/\/renaultvijf.nl\/webwinkel\/#\/schema\/person\/743e6aa8655994c7c1297edf5ec04631","name":"renaultgekken","image":{"@type":"ImageObject","inLanguage":"nl-NL","@id":"https:\/\/renaultvijf.nl\/webwinkel\/wp-content\/uploads\/2020\/08\/cropped-cropped-cropped-NOSpartsjpg-1.jpg","url":"https:\/\/renaultvijf.nl\/webwinkel\/wp-content\/uploads\/2020\/08\/cropped-cropped-cropped-NOSpartsjpg-1.jpg","contentUrl":"https:\/\/renaultvijf.nl\/webwinkel\/wp-content\/uploads\/2020\/08\/cropped-cropped-cropped-NOSpartsjpg-1.jpg","width":180,"height":194,"caption":"renaultgekken"},"logo":{"@id":"https:\/\/renaultvijf.nl\/webwinkel\/wp-content\/uploads\/2020\/08\/cropped-cropped-cropped-NOSpartsjpg-1.jpg"},"sameAs":["http:\/\/www.renaultvijf.nl"]}]}},"jetpack_sharing_enabled":true,"_links":{"self":[{"href":"https:\/\/renaultvijf.nl\/webwinkel\/wp-json\/wp\/v2\/product\/29068","targetHints":{"allow":["GET"]}}],"collection":[{"href":"https:\/\/renaultvijf.nl\/webwinkel\/wp-json\/wp\/v2\/product"}],"about":[{"href":"https:\/\/renaultvijf.nl\/webwinkel\/wp-json\/wp\/v2\/types\/product"}],"version-history":[{"count":2,"href":"https:\/\/renaultvijf.nl\/webwinkel\/wp-json\/wp\/v2\/product\/29068\/revisions"}],"predecessor-version":[{"id":29070,"href":"https:\/\/renaultvijf.nl\/webwinkel\/wp-json\/wp\/v2\/product\/29068\/revisions\/29070"}],"wp:featuredmedia":[{"embeddable":true,"href":"https:\/\/renaultvijf.nl\/webwinkel\/wp-json\/wp\/v2\/media\/29065"}],"wp:attachment":[{"href":"https:\/\/renaultvijf.nl\/webwinkel\/wp-json\/wp\/v2\/media?parent=29068"}],"wp:term":[{"taxonomy":"product_brand","embeddable":true,"href":"https:\/\/renaultvijf.nl\/webwinkel\/wp-json\/wp\/v2\/product_brand?post=29068"},{"taxonomy":"product_cat","embeddable":true,"href":"https:\/\/renaultvijf.nl\/webwinkel\/wp-json\/wp\/v2\/product_cat?post=29068"},{"taxonomy":"product_tag","embeddable":true,"href":"https:\/\/renaultvijf.nl\/webwinkel\/wp-json\/wp\/v2\/product_tag?post=29068"}],"curies":[{"name":"wp","href":"https:\/\/api.w.org\/{rel}","templated":true}]}}