{"id":6954,"date":"2024-02-20T15:44:16","date_gmt":"2024-02-20T14:44:16","guid":{"rendered":"https:\/\/renaultvijf.nl\/webwinkel\/?post_type=product&#038;p=6954"},"modified":"2024-02-20T15:55:49","modified_gmt":"2024-02-20T14:55:49","slug":"knipperlicht-glas-rechts-renault-9-phase-1","status":"publish","type":"product","link":"https:\/\/renaultvijf.nl\/webwinkel\/product\/knipperlicht-glas-rechts-renault-9-phase-1\/","title":{"rendered":"Knipperlicht glas rechts Renault 9 phase 1."},"content":{"rendered":"<p><strong>Knipperlicht glas rechts Renault 9 phase 1.<\/strong><\/p>\n<p>Glas is voor modellen van 1981 tot en met 1986.<\/p>\n<p><span style=\"display: inline !important; float: none; background-color: #ffffff; color: #333333; cursor: text; font-family: 'Raleway',Sans-serif; font-size: 16px; font-style: normal; font-variant: normal; font-weight: 400; letter-spacing: normal; orphans: 2; text-align: left; text-decoration: none; text-indent: 0px; text-transform: none; -webkit-text-stroke-width: 0px; white-space: normal; word-spacing: 0px;\">Is compleet met beugel. Bij \u00e9\u00e9n mist de lamphouder.<\/span><\/p>\n<p>\u00c9\u00e9n is reproductie van het merk Super (1002RH) en is zonder beugel.<\/p>\n","protected":false},"excerpt":{"rendered":"<p>Knipperlicht glas rechts Renault 9 phase 1. Glas is voor modellen van 1981 tot en met 1986. Is compleet met beugel. Bij \u00e9\u00e9n mist de lamphouder. \u00c9\u00e9n is reproductie van het merk Super (1002RH) en is zonder beugel.<\/p>\n","protected":false},"featured_media":6951,"template":"","meta":[],"product_brand":[],"product_cat":[90,199,37],"product_tag":[],"class_list":{"0":"post-6954","1":"product","2":"type-product","3":"status-publish","4":"has-post-thumbnail","6":"product_cat-80-akku-verlichting","7":"product_cat-renault","8":"product_cat-renault-9","9":"product_shipping_class-postnl-100","11":"first","12":"instock","13":"shipping-taxable","14":"purchasable","15":"product-type-simple"},"yoast_head":"<!-- This site is optimized with the Yoast SEO plugin v27.4 - https:\/\/yoast.com\/product\/yoast-seo-wordpress\/ -->\n<title>Knipperlicht glas rechts Renault 9 phase 1. - Visch Parts - Renault Onderdelen (NOS) en gebruikt<\/title>\n<meta name=\"description\" content=\"Knipperlicht glas rechts Renault 9 phase 1. Glas is voor modellen van 1981 tot en met 1986.Is compleet met beugel. Bij \u00e9\u00e9n mist de lamphouder. \u00c9\u00e9n is reproductie van het merk Super (1002RH) en is zonder beugel.\" \/>\n<meta name=\"robots\" content=\"index, follow, max-snippet:-1, max-image-preview:large, max-video-preview:-1\" \/>\n<link rel=\"canonical\" href=\"https:\/\/renaultvijf.nl\/webwinkel\/product\/knipperlicht-glas-rechts-renault-9-phase-1\/\" \/>\n<script type=\"application\/ld+json\" class=\"yoast-schema-graph\">{\"@context\":\"https:\\\/\\\/schema.org\",\"@graph\":[{\"@type\":\"WebPage\",\"@id\":\"https:\\\/\\\/renaultvijf.nl\\\/webwinkel\\\/product\\\/knipperlicht-glas-rechts-renault-9-phase-1\\\/\",\"url\":\"https:\\\/\\\/renaultvijf.nl\\\/webwinkel\\\/product\\\/knipperlicht-glas-rechts-renault-9-phase-1\\\/\",\"name\":\"Knipperlicht glas rechts Renault 9 phase 1. - Visch Parts - Renault Onderdelen (NOS) en gebruikt\",\"isPartOf\":{\"@id\":\"https:\\\/\\\/renaultvijf.nl\\\/webwinkel\\\/#website\"},\"primaryImageOfPage\":{\"@id\":\"https:\\\/\\\/renaultvijf.nl\\\/webwinkel\\\/product\\\/knipperlicht-glas-rechts-renault-9-phase-1\\\/#primaryimage\"},\"image\":{\"@id\":\"https:\\\/\\\/renaultvijf.nl\\\/webwinkel\\\/product\\\/knipperlicht-glas-rechts-renault-9-phase-1\\\/#primaryimage\"},\"thumbnailUrl\":\"https:\\\/\\\/renaultvijf.nl\\\/webwinkel\\\/wp-content\\\/uploads\\\/2020\\\/02\\\/7701365616-1.jpg\",\"datePublished\":\"2024-02-20T14:44:16+00:00\",\"dateModified\":\"2024-02-20T14:55:49+00:00\",\"description\":\"Knipperlicht glas rechts Renault 9 phase 1. Glas is voor modellen van 1981 tot en met 1986.Is compleet met beugel. Bij \u00e9\u00e9n mist de lamphouder. \u00c9\u00e9n is reproductie van het merk Super (1002RH) en is zonder beugel.\",\"breadcrumb\":{\"@id\":\"https:\\\/\\\/renaultvijf.nl\\\/webwinkel\\\/product\\\/knipperlicht-glas-rechts-renault-9-phase-1\\\/#breadcrumb\"},\"inLanguage\":\"nl-NL\",\"potentialAction\":[{\"@type\":\"ReadAction\",\"target\":[\"https:\\\/\\\/renaultvijf.nl\\\/webwinkel\\\/product\\\/knipperlicht-glas-rechts-renault-9-phase-1\\\/\"]}]},{\"@type\":\"ImageObject\",\"inLanguage\":\"nl-NL\",\"@id\":\"https:\\\/\\\/renaultvijf.nl\\\/webwinkel\\\/product\\\/knipperlicht-glas-rechts-renault-9-phase-1\\\/#primaryimage\",\"url\":\"https:\\\/\\\/renaultvijf.nl\\\/webwinkel\\\/wp-content\\\/uploads\\\/2020\\\/02\\\/7701365616-1.jpg\",\"contentUrl\":\"https:\\\/\\\/renaultvijf.nl\\\/webwinkel\\\/wp-content\\\/uploads\\\/2020\\\/02\\\/7701365616-1.jpg\",\"width\":1214,\"height\":2295},{\"@type\":\"BreadcrumbList\",\"@id\":\"https:\\\/\\\/renaultvijf.nl\\\/webwinkel\\\/product\\\/knipperlicht-glas-rechts-renault-9-phase-1\\\/#breadcrumb\",\"itemListElement\":[{\"@type\":\"ListItem\",\"position\":1,\"name\":\"Home\",\"item\":\"https:\\\/\\\/renaultvijf.nl\\\/webwinkel\\\/\"},{\"@type\":\"ListItem\",\"position\":2,\"name\":\"Visch Parts &#8211; Renault NOS en gebruikte onderdelen webwinkel\",\"item\":\"https:\\\/\\\/renaultvijf.nl\\\/webwinkel\\\/\"},{\"@type\":\"ListItem\",\"position\":3,\"name\":\"Knipperlicht glas rechts Renault 9 phase 1.\"}]},{\"@type\":\"WebSite\",\"@id\":\"https:\\\/\\\/renaultvijf.nl\\\/webwinkel\\\/#website\",\"url\":\"https:\\\/\\\/renaultvijf.nl\\\/webwinkel\\\/\",\"name\":\"Renault Onderdelen (NOS) en gebruikt\",\"description\":\"Renault onderdelen nieuw old stock (NOS) en gebruikt\",\"publisher\":{\"@id\":\"https:\\\/\\\/renaultvijf.nl\\\/webwinkel\\\/#\\\/schema\\\/person\\\/743e6aa8655994c7c1297edf5ec04631\"},\"potentialAction\":[{\"@type\":\"SearchAction\",\"target\":{\"@type\":\"EntryPoint\",\"urlTemplate\":\"https:\\\/\\\/renaultvijf.nl\\\/webwinkel\\\/?s={search_term_string}\"},\"query-input\":{\"@type\":\"PropertyValueSpecification\",\"valueRequired\":true,\"valueName\":\"search_term_string\"}}],\"inLanguage\":\"nl-NL\"},{\"@type\":[\"Person\",\"Organization\"],\"@id\":\"https:\\\/\\\/renaultvijf.nl\\\/webwinkel\\\/#\\\/schema\\\/person\\\/743e6aa8655994c7c1297edf5ec04631\",\"name\":\"renaultgekken\",\"image\":{\"@type\":\"ImageObject\",\"inLanguage\":\"nl-NL\",\"@id\":\"https:\\\/\\\/renaultvijf.nl\\\/webwinkel\\\/wp-content\\\/uploads\\\/2020\\\/08\\\/cropped-cropped-cropped-NOSpartsjpg-1.jpg\",\"url\":\"https:\\\/\\\/renaultvijf.nl\\\/webwinkel\\\/wp-content\\\/uploads\\\/2020\\\/08\\\/cropped-cropped-cropped-NOSpartsjpg-1.jpg\",\"contentUrl\":\"https:\\\/\\\/renaultvijf.nl\\\/webwinkel\\\/wp-content\\\/uploads\\\/2020\\\/08\\\/cropped-cropped-cropped-NOSpartsjpg-1.jpg\",\"width\":180,\"height\":194,\"caption\":\"renaultgekken\"},\"logo\":{\"@id\":\"https:\\\/\\\/renaultvijf.nl\\\/webwinkel\\\/wp-content\\\/uploads\\\/2020\\\/08\\\/cropped-cropped-cropped-NOSpartsjpg-1.jpg\"},\"sameAs\":[\"http:\\\/\\\/www.renaultvijf.nl\"]}]}<\/script>\n<!-- \/ Yoast SEO plugin. -->","yoast_head_json":{"title":"Knipperlicht glas rechts Renault 9 phase 1. - Visch Parts - Renault Onderdelen (NOS) en gebruikt","description":"Knipperlicht glas rechts Renault 9 phase 1. Glas is voor modellen van 1981 tot en met 1986.Is compleet met beugel. Bij \u00e9\u00e9n mist de lamphouder. \u00c9\u00e9n is reproductie van het merk Super (1002RH) en is zonder beugel.","robots":{"index":"index","follow":"follow","max-snippet":"max-snippet:-1","max-image-preview":"max-image-preview:large","max-video-preview":"max-video-preview:-1"},"canonical":"https:\/\/renaultvijf.nl\/webwinkel\/product\/knipperlicht-glas-rechts-renault-9-phase-1\/","schema":{"@context":"https:\/\/schema.org","@graph":[{"@type":"WebPage","@id":"https:\/\/renaultvijf.nl\/webwinkel\/product\/knipperlicht-glas-rechts-renault-9-phase-1\/","url":"https:\/\/renaultvijf.nl\/webwinkel\/product\/knipperlicht-glas-rechts-renault-9-phase-1\/","name":"Knipperlicht glas rechts Renault 9 phase 1. - Visch Parts - Renault Onderdelen (NOS) en gebruikt","isPartOf":{"@id":"https:\/\/renaultvijf.nl\/webwinkel\/#website"},"primaryImageOfPage":{"@id":"https:\/\/renaultvijf.nl\/webwinkel\/product\/knipperlicht-glas-rechts-renault-9-phase-1\/#primaryimage"},"image":{"@id":"https:\/\/renaultvijf.nl\/webwinkel\/product\/knipperlicht-glas-rechts-renault-9-phase-1\/#primaryimage"},"thumbnailUrl":"https:\/\/renaultvijf.nl\/webwinkel\/wp-content\/uploads\/2020\/02\/7701365616-1.jpg","datePublished":"2024-02-20T14:44:16+00:00","dateModified":"2024-02-20T14:55:49+00:00","description":"Knipperlicht glas rechts Renault 9 phase 1. Glas is voor modellen van 1981 tot en met 1986.Is compleet met beugel. Bij \u00e9\u00e9n mist de lamphouder. \u00c9\u00e9n is reproductie van het merk Super (1002RH) en is zonder beugel.","breadcrumb":{"@id":"https:\/\/renaultvijf.nl\/webwinkel\/product\/knipperlicht-glas-rechts-renault-9-phase-1\/#breadcrumb"},"inLanguage":"nl-NL","potentialAction":[{"@type":"ReadAction","target":["https:\/\/renaultvijf.nl\/webwinkel\/product\/knipperlicht-glas-rechts-renault-9-phase-1\/"]}]},{"@type":"ImageObject","inLanguage":"nl-NL","@id":"https:\/\/renaultvijf.nl\/webwinkel\/product\/knipperlicht-glas-rechts-renault-9-phase-1\/#primaryimage","url":"https:\/\/renaultvijf.nl\/webwinkel\/wp-content\/uploads\/2020\/02\/7701365616-1.jpg","contentUrl":"https:\/\/renaultvijf.nl\/webwinkel\/wp-content\/uploads\/2020\/02\/7701365616-1.jpg","width":1214,"height":2295},{"@type":"BreadcrumbList","@id":"https:\/\/renaultvijf.nl\/webwinkel\/product\/knipperlicht-glas-rechts-renault-9-phase-1\/#breadcrumb","itemListElement":[{"@type":"ListItem","position":1,"name":"Home","item":"https:\/\/renaultvijf.nl\/webwinkel\/"},{"@type":"ListItem","position":2,"name":"Visch Parts &#8211; Renault NOS en gebruikte onderdelen webwinkel","item":"https:\/\/renaultvijf.nl\/webwinkel\/"},{"@type":"ListItem","position":3,"name":"Knipperlicht glas rechts Renault 9 phase 1."}]},{"@type":"WebSite","@id":"https:\/\/renaultvijf.nl\/webwinkel\/#website","url":"https:\/\/renaultvijf.nl\/webwinkel\/","name":"Renault Onderdelen (NOS) en gebruikt","description":"Renault onderdelen nieuw old stock (NOS) en gebruikt","publisher":{"@id":"https:\/\/renaultvijf.nl\/webwinkel\/#\/schema\/person\/743e6aa8655994c7c1297edf5ec04631"},"potentialAction":[{"@type":"SearchAction","target":{"@type":"EntryPoint","urlTemplate":"https:\/\/renaultvijf.nl\/webwinkel\/?s={search_term_string}"},"query-input":{"@type":"PropertyValueSpecification","valueRequired":true,"valueName":"search_term_string"}}],"inLanguage":"nl-NL"},{"@type":["Person","Organization"],"@id":"https:\/\/renaultvijf.nl\/webwinkel\/#\/schema\/person\/743e6aa8655994c7c1297edf5ec04631","name":"renaultgekken","image":{"@type":"ImageObject","inLanguage":"nl-NL","@id":"https:\/\/renaultvijf.nl\/webwinkel\/wp-content\/uploads\/2020\/08\/cropped-cropped-cropped-NOSpartsjpg-1.jpg","url":"https:\/\/renaultvijf.nl\/webwinkel\/wp-content\/uploads\/2020\/08\/cropped-cropped-cropped-NOSpartsjpg-1.jpg","contentUrl":"https:\/\/renaultvijf.nl\/webwinkel\/wp-content\/uploads\/2020\/08\/cropped-cropped-cropped-NOSpartsjpg-1.jpg","width":180,"height":194,"caption":"renaultgekken"},"logo":{"@id":"https:\/\/renaultvijf.nl\/webwinkel\/wp-content\/uploads\/2020\/08\/cropped-cropped-cropped-NOSpartsjpg-1.jpg"},"sameAs":["http:\/\/www.renaultvijf.nl"]}]}},"jetpack_sharing_enabled":true,"_links":{"self":[{"href":"https:\/\/renaultvijf.nl\/webwinkel\/wp-json\/wp\/v2\/product\/6954","targetHints":{"allow":["GET"]}}],"collection":[{"href":"https:\/\/renaultvijf.nl\/webwinkel\/wp-json\/wp\/v2\/product"}],"about":[{"href":"https:\/\/renaultvijf.nl\/webwinkel\/wp-json\/wp\/v2\/types\/product"}],"version-history":[{"count":5,"href":"https:\/\/renaultvijf.nl\/webwinkel\/wp-json\/wp\/v2\/product\/6954\/revisions"}],"predecessor-version":[{"id":31314,"href":"https:\/\/renaultvijf.nl\/webwinkel\/wp-json\/wp\/v2\/product\/6954\/revisions\/31314"}],"wp:featuredmedia":[{"embeddable":true,"href":"https:\/\/renaultvijf.nl\/webwinkel\/wp-json\/wp\/v2\/media\/6951"}],"wp:attachment":[{"href":"https:\/\/renaultvijf.nl\/webwinkel\/wp-json\/wp\/v2\/media?parent=6954"}],"wp:term":[{"taxonomy":"product_brand","embeddable":true,"href":"https:\/\/renaultvijf.nl\/webwinkel\/wp-json\/wp\/v2\/product_brand?post=6954"},{"taxonomy":"product_cat","embeddable":true,"href":"https:\/\/renaultvijf.nl\/webwinkel\/wp-json\/wp\/v2\/product_cat?post=6954"},{"taxonomy":"product_tag","embeddable":true,"href":"https:\/\/renaultvijf.nl\/webwinkel\/wp-json\/wp\/v2\/product_tag?post=6954"}],"curies":[{"name":"wp","href":"https:\/\/api.w.org\/{rel}","templated":true}]}}